{"id":2971,"date":"2016-05-31T11:23:39","date_gmt":"2016-05-31T09:23:39","guid":{"rendered":"http:\/\/53231327.swh.strato-hosting.eu\/niedziella-foto\/?page_id=2971"},"modified":"2016-05-31T11:23:39","modified_gmt":"2016-05-31T09:23:39","slug":"impressum","status":"publish","type":"page","link":"https:\/\/www.holzatelier.de\/mobile\/impressum\/","title":{"rendered":"Impressum"},"content":{"rendered":"<div id=\"pl-2971\"  class=\"panel-layout\" ><div id=\"pg-2971-0\"  class=\"panel-grid panel-no-style\" ><div id=\"pgc-2971-0-0\"  class=\"panel-grid-cell panel-grid-cell-mobile-last\" ><div id=\"panel-2971-0-0-0\" class=\"so-panel widget widget_text panel-first-child panel-last-child\" data-index=\"0\" >\t\t\t<div class=\"textwidget\"><p>Inhaltlich Verantwortlicher gem\u00e4\u00df \u00a7 10 Absatz 3 MDStV:<\/p>\n<p>Holzatelier Charlotte Groenewold GmbH<br \/>\nEifflerstra\u00dfe 1<br \/>\n22769 Hamburg<br \/>\nTel.: 040 \/ 43 27 42 28<br \/>\nFax: 040 \/ 43 27 42 29<\/p>\n<p>E-Mail: groenewold@holzatelier.de<br \/>\nSteuernummer: DE20 413 0275<\/p>\n<\/div>\n\t\t<\/div><\/div><div id=\"pgc-2971-0-1\"  class=\"panel-grid-cell panel-grid-cell-empty\" ><\/div><\/div><div id=\"pg-2971-1\"  class=\"panel-grid panel-no-style\" ><div id=\"pgc-2971-1-0\"  class=\"panel-grid-cell\" ><div id=\"panel-2971-1-0-0\" class=\"so-panel widget widget_text panel-first-child panel-last-child\" data-index=\"1\" >\t\t\t<div class=\"textwidget\"><\/div>\n\t\t<\/div><\/div><div id=\"pgc-2971-1-1\"  class=\"panel-grid-cell\" ><div id=\"panel-2971-1-1-0\" class=\"so-panel widget widget_text panel-first-child\" data-index=\"2\" >\t\t\t<div class=\"textwidget\">\nDie kostenlosen und frei zug\u00e4nglichen Inhalte dieser Webseite wurden mit gr\u00f6\u00dftm\u00f6glicher Sorgfalt erstellt. Der Anbieter dieser Webseite \u00fcbernimmt jedoch keine Gew\u00e4hr f\u00fcr die Richtigkeit und Aktualit\u00e4t der bereitgestellten kostenlosen und frei zug\u00e4nglichen journalistischen Ratgeber und Nachrichten. Namentlich gekennzeichnete Beitr\u00e4ge geben die Meinung des jeweiligen Autors und nicht immer die Meinung des Anbieters wieder. Allein durch den Aufruf der kostenlosen und frei zug\u00e4nglichen Inhalte kommt keinerlei Vertragsverh\u00e4ltnis zwischen dem Nutzer und dem Anbieter zustande, insoweit fehlt es am Rechtsbindungswillen des Anbieters.\n\n<h2>Datenschutz<\/h2>\n\nDer Anbieter weist ausdr\u00fccklich darauf hin, dass die Daten\u00fcbertragung im Internet (z.B. bei der Kommunikation per E-Mail) Sicherheitsl\u00fccken aufweisen und nicht l\u00fcckenlos vor dem Zugriff durch Dritte gesch\u00fctzt werden kann.\n\nDie Verwendung der Kontaktdaten des Impressums zur gewerblichen Werbung ist ausdr\u00fccklich nicht erw\u00fcnscht, es sei denn der Anbieter hatte zuvor seine schriftliche Einwilligung erteilt oder es besteht bereits eine Gesch\u00e4ftsbeziehung. Der Anbieter und alle auf dieser Website genannten Personen widersprechen hiermit jeder kommerziellen Verwendung und Weitergabe ihrer Daten.\n\n<h2>Personenbezogene Daten<\/h2>\n\nSie k\u00f6nnen unsere Webseite ohne Angabe personenbezogener Daten besuchen. Soweit auf unseren Seiten personenbezogene Daten (wie Name, Anschrift oder E-Mail Adresse) erhoben werden, erfolgt dies, soweit m\u00f6glich, auf freiwilliger Basis. Diese Daten werden ohne Ihre ausdr\u00fcckliche Zustimmung nicht an Dritte weitergegeben. Sofern zwischen Ihnen und uns ein Vertragsverh\u00e4ltnis begr\u00fcndet, inhaltlich ausgestaltet oder ge\u00e4ndert werden soll oder Sie an uns eine Anfrage stellen, erheben und verwenden wir personenbezogene Daten von Ihnen, soweit dies zu diesen Zwecken erforderlich ist (Bestandsdaten). Wir erheben, verarbeiten und nutzen personenbezogene Daten soweit dies erforderlich ist, um Ihnen die Inanspruchnahme des Webangebots zu erm\u00f6glichen (Nutzungsdaten). S\u00e4mtliche personenbezogenen Daten werden nur solange gespeichert wie dies f\u00fcr den genanten Zweck (Bearbeitung Ihrer Anfrage oder Abwicklung eines Vertrags) erforderlich ist. Hierbei werden steuer- und handelsrechtliche Aufbewahrungsfristen ber\u00fccksichtigt. Auf Anordnung der zust\u00e4ndigen Stellen d\u00fcrfen wir im Einzelfall Auskunft \u00fcber diese Daten (Bestandsdaten) erteilen, soweit dies f\u00fcr Zwecke der Strafverfolgung, zur Gefahrenabwehr, zur Erf\u00fcllung der gesetzlichen Aufgaben der Verfassungsschutzbeh\u00f6rden oder des Milit\u00e4rischen Abschirmdienstes oder zur Durchsetzung der Rechte am geistigen Eigentum erforderlich ist.<\/div>\n\t\t<\/div><div id=\"panel-2971-1-1-1\" class=\"so-panel widget widget_text panel-last-child\" data-index=\"3\" >\t\t\t<div class=\"textwidget\"><\/div>\n\t\t<\/div><\/div><\/div><\/div>","protected":false},"excerpt":{"rendered":"<p>Inhaltlich Verantwortlicher gem\u00e4\u00df \u00a7 10 Absatz 3 MDStV: Holzatelier Charlotte Groenewold GmbH Eifflerstra\u00dfe 1 22769 Hamburg Tel.: 040 \/ 43 27 42 28 Fax: 040 \/ 43 27 42 29 E-Mail: groenewold@holzatelier.de Steuernummer: DE20 413 0275 Die kostenlosen und frei zug\u00e4nglichen Inhalte dieser Webseite wurden mit gr\u00f6\u00dftm\u00f6glicher Sorgfalt erstellt. Der Anbieter dieser Webseite \u00fcbernimmt jedoch [&hellip;]<\/p>\n","protected":false},"author":1,"featured_media":0,"parent":0,"menu_order":0,"comment_status":"closed","ping_status":"closed","template":"","meta":{"footnotes":""},"yoast_head":"<!-- This site is optimized with the Yoast SEO plugin v19.11 - https:\/\/yoast.com\/wordpress\/plugins\/seo\/ -->\n<title>Impressum - Holzaterlier Charlotte Groenewold<\/title>\n<meta name=\"robots\" content=\"index, follow, max-snippet:-1, max-image-preview:large, max-video-preview:-1\" \/>\n<link rel=\"canonical\" href=\"https:\/\/www.holzatelier.de\/mobile\/impressum\/\" \/>\n<meta property=\"og:locale\" content=\"de_DE\" \/>\n<meta property=\"og:type\" content=\"article\" \/>\n<meta property=\"og:title\" content=\"Impressum - Holzaterlier Charlotte Groenewold\" \/>\n<meta property=\"og:description\" content=\"Inhaltlich Verantwortlicher gem\u00e4\u00df \u00a7 10 Absatz 3 MDStV: Holzatelier Charlotte Groenewold GmbH Eifflerstra\u00dfe 1 22769 Hamburg Tel.: 040 \/ 43 27 42 28 Fax: 040 \/ 43 27 42 29 E-Mail: groenewold@holzatelier.de Steuernummer: DE20 413 0275 Die kostenlosen und frei zug\u00e4nglichen Inhalte dieser Webseite wurden mit gr\u00f6\u00dftm\u00f6glicher Sorgfalt erstellt. Der Anbieter dieser Webseite \u00fcbernimmt jedoch [&hellip;]\" \/>\n<meta property=\"og:url\" content=\"https:\/\/www.holzatelier.de\/mobile\/impressum\/\" \/>\n<meta property=\"og:site_name\" content=\"Holzaterlier Charlotte Groenewold\" \/>\n<meta name=\"twitter:card\" content=\"summary_large_image\" \/>\n<meta name=\"twitter:label1\" content=\"Gesch\u00e4tzte Lesezeit\" \/>\n\t<meta name=\"twitter:data1\" content=\"2\u00a0Minuten\" \/>\n<script type=\"application\/ld+json\" class=\"yoast-schema-graph\">{\"@context\":\"https:\/\/schema.org\",\"@graph\":[{\"@type\":\"WebPage\",\"@id\":\"https:\/\/www.holzatelier.de\/mobile\/impressum\/\",\"url\":\"https:\/\/www.holzatelier.de\/mobile\/impressum\/\",\"name\":\"Impressum - Holzaterlier Charlotte Groenewold\",\"isPartOf\":{\"@id\":\"https:\/\/www.holzatelier.de\/mobile\/#website\"},\"datePublished\":\"2016-05-31T09:23:39+00:00\",\"dateModified\":\"2016-05-31T09:23:39+00:00\",\"breadcrumb\":{\"@id\":\"https:\/\/www.holzatelier.de\/mobile\/impressum\/#breadcrumb\"},\"inLanguage\":\"de\",\"potentialAction\":[{\"@type\":\"ReadAction\",\"target\":[\"https:\/\/www.holzatelier.de\/mobile\/impressum\/\"]}]},{\"@type\":\"BreadcrumbList\",\"@id\":\"https:\/\/www.holzatelier.de\/mobile\/impressum\/#breadcrumb\",\"itemListElement\":[{\"@type\":\"ListItem\",\"position\":1,\"name\":\"Startseite\",\"item\":\"https:\/\/www.holzatelier.de\/mobile\/\"},{\"@type\":\"ListItem\",\"position\":2,\"name\":\"Impressum\"}]},{\"@type\":\"WebSite\",\"@id\":\"https:\/\/www.holzatelier.de\/mobile\/#website\",\"url\":\"https:\/\/www.holzatelier.de\/mobile\/\",\"name\":\"Holzaterlier Charlotte Groenewold\",\"description\":\"Eine weitere Holzatelier Charlotte Groenewold GmbH Websites Website\",\"potentialAction\":[{\"@type\":\"SearchAction\",\"target\":{\"@type\":\"EntryPoint\",\"urlTemplate\":\"https:\/\/www.holzatelier.de\/mobile\/?s={search_term_string}\"},\"query-input\":\"required name=search_term_string\"}],\"inLanguage\":\"de\"}]}<\/script>\n<!-- \/ Yoast SEO plugin. -->","yoast_head_json":{"title":"Impressum - Holzaterlier Charlotte Groenewold","robots":{"index":"index","follow":"follow","max-snippet":"max-snippet:-1","max-image-preview":"max-image-preview:large","max-video-preview":"max-video-preview:-1"},"canonical":"https:\/\/www.holzatelier.de\/mobile\/impressum\/","og_locale":"de_DE","og_type":"article","og_title":"Impressum - Holzaterlier Charlotte Groenewold","og_description":"Inhaltlich Verantwortlicher gem\u00e4\u00df \u00a7 10 Absatz 3 MDStV: Holzatelier Charlotte Groenewold GmbH Eifflerstra\u00dfe 1 22769 Hamburg Tel.: 040 \/ 43 27 42 28 Fax: 040 \/ 43 27 42 29 E-Mail: groenewold@holzatelier.de Steuernummer: DE20 413 0275 Die kostenlosen und frei zug\u00e4nglichen Inhalte dieser Webseite wurden mit gr\u00f6\u00dftm\u00f6glicher Sorgfalt erstellt. Der Anbieter dieser Webseite \u00fcbernimmt jedoch [&hellip;]","og_url":"https:\/\/www.holzatelier.de\/mobile\/impressum\/","og_site_name":"Holzaterlier Charlotte Groenewold","twitter_card":"summary_large_image","twitter_misc":{"Gesch\u00e4tzte Lesezeit":"2\u00a0Minuten"},"schema":{"@context":"https:\/\/schema.org","@graph":[{"@type":"WebPage","@id":"https:\/\/www.holzatelier.de\/mobile\/impressum\/","url":"https:\/\/www.holzatelier.de\/mobile\/impressum\/","name":"Impressum - Holzaterlier Charlotte Groenewold","isPartOf":{"@id":"https:\/\/www.holzatelier.de\/mobile\/#website"},"datePublished":"2016-05-31T09:23:39+00:00","dateModified":"2016-05-31T09:23:39+00:00","breadcrumb":{"@id":"https:\/\/www.holzatelier.de\/mobile\/impressum\/#breadcrumb"},"inLanguage":"de","potentialAction":[{"@type":"ReadAction","target":["https:\/\/www.holzatelier.de\/mobile\/impressum\/"]}]},{"@type":"BreadcrumbList","@id":"https:\/\/www.holzatelier.de\/mobile\/impressum\/#breadcrumb","itemListElement":[{"@type":"ListItem","position":1,"name":"Startseite","item":"https:\/\/www.holzatelier.de\/mobile\/"},{"@type":"ListItem","position":2,"name":"Impressum"}]},{"@type":"WebSite","@id":"https:\/\/www.holzatelier.de\/mobile\/#website","url":"https:\/\/www.holzatelier.de\/mobile\/","name":"Holzaterlier Charlotte Groenewold","description":"Eine weitere Holzatelier Charlotte Groenewold GmbH Websites Website","potentialAction":[{"@type":"SearchAction","target":{"@type":"EntryPoint","urlTemplate":"https:\/\/www.holzatelier.de\/mobile\/?s={search_term_string}"},"query-input":"required name=search_term_string"}],"inLanguage":"de"}]}},"_links":{"self":[{"href":"https:\/\/www.holzatelier.de\/mobile\/wp-json\/wp\/v2\/pages\/2971"}],"collection":[{"href":"https:\/\/www.holzatelier.de\/mobile\/wp-json\/wp\/v2\/pages"}],"about":[{"href":"https:\/\/www.holzatelier.de\/mobile\/wp-json\/wp\/v2\/types\/page"}],"author":[{"embeddable":true,"href":"https:\/\/www.holzatelier.de\/mobile\/wp-json\/wp\/v2\/users\/1"}],"replies":[{"embeddable":true,"href":"https:\/\/www.holzatelier.de\/mobile\/wp-json\/wp\/v2\/comments?post=2971"}],"version-history":[{"count":0,"href":"https:\/\/www.holzatelier.de\/mobile\/wp-json\/wp\/v2\/pages\/2971\/revisions"}],"wp:attachment":[{"href":"https:\/\/www.holzatelier.de\/mobile\/wp-json\/wp\/v2\/media?parent=2971"}],"curies":[{"name":"wp","href":"https:\/\/api.w.org\/{rel}","templated":true}]}}