{"id":3070,"date":"2016-12-08T14:20:18","date_gmt":"2016-12-08T12:20:18","guid":{"rendered":"http:\/\/53231327.swh.strato-hosting.eu\/niedziella-foto\/?page_id=3070"},"modified":"2017-02-02T10:43:23","modified_gmt":"2017-02-02T09:43:23","slug":"idee","status":"publish","type":"page","link":"https:\/\/www.holzatelier.de\/mobile\/idee\/","title":{"rendered":"Idee"},"content":{"rendered":"<p>Die Funktion eines M\u00f6bels ist von sich aus langlebig: einen Tisch braucht man immer.<\/p>\n<p>Darum muss auch das Design langlebig sein.<\/p>\n<p>Material, Form und Funktion m\u00f6chte ich so verbinden, dass das M\u00f6bel und seine Mitbewohner lange miteinander leben wollen, dass das Ergebnis mit sich zufrieden ist, dass Sie es sind und ich auch.<\/p>\n<p>Zu meiner Idee der Nachhaltigkeit geh\u00f6rt auch meine Lust an Alth\u00f6lzern, Gebrauchtem oder Zweckentfremdetem:<\/p>\n<p>Eine alte Ger\u00fcstbohle kann immer noch ein sch\u00f6nes M\u00f6bel ergeben, gebrauchte Bettseiten eines alten Bauernbettes k\u00f6nnen gute, schlanke T\u00fcren f\u00fcr ein Regal werden. Oder gebrauchte Weinf\u00e4sser finden, in Einzelteile zerlegt und neu zusammengesetzt, zu neuem Glanz in neuer Funktion.<\/p>\n<p>Sch\u00f6n ist es auch, dem gewachsenen Holz sein Gesicht zu lassen, es zu verarbeiten, wie es kommt, mit all seinen \u00c4sten und Rissen, manchmal auch mit der nat\u00fcrlichen Baumkante.<\/p>\n<p><img loading=\"lazy\" decoding=\"async\" class=\"size-medium wp-image-3117\" src=\"https:\/\/www.holzatelier.de\/mobile\/wp-content\/uploads\/sites\/2\/2016\/12\/Material-Eiche-Vollholz-300x279.jpg\" alt=\"\" width=\"300\" height=\"279\" srcset=\"https:\/\/www.holzatelier.de\/mobile\/wp-content\/uploads\/sites\/2\/2016\/12\/Material-Eiche-Vollholz-300x279.jpg 300w, https:\/\/www.holzatelier.de\/mobile\/wp-content\/uploads\/sites\/2\/2016\/12\/Material-Eiche-Vollholz-768x713.jpg 768w, https:\/\/www.holzatelier.de\/mobile\/wp-content\/uploads\/sites\/2\/2016\/12\/Material-Eiche-Vollholz-1024x951.jpg 1024w\" sizes=\"(max-width: 300px) 100vw, 300px\" \/><\/p>\n","protected":false},"excerpt":{"rendered":"<p>Die Funktion eines M\u00f6bels ist von sich aus langlebig: einen Tisch braucht man immer. Darum muss auch das Design langlebig sein. Material, Form und Funktion m\u00f6chte ich so verbinden, dass das M\u00f6bel und seine Mitbewohner lange miteinander leben wollen, dass das Ergebnis mit sich zufrieden ist, dass Sie es sind und ich auch. Zu meiner [&hellip;]<\/p>\n","protected":false},"author":1,"featured_media":0,"parent":0,"menu_order":0,"comment_status":"closed","ping_status":"closed","template":"","meta":{"footnotes":""},"yoast_head":"<!-- This site is optimized with the Yoast SEO plugin v19.11 - https:\/\/yoast.com\/wordpress\/plugins\/seo\/ -->\n<title>Idee - Holzaterlier Charlotte Groenewold<\/title>\n<meta name=\"robots\" content=\"index, follow, max-snippet:-1, max-image-preview:large, max-video-preview:-1\" \/>\n<link rel=\"canonical\" href=\"https:\/\/www.holzatelier.de\/mobile\/idee\/\" \/>\n<meta property=\"og:locale\" content=\"de_DE\" \/>\n<meta property=\"og:type\" content=\"article\" \/>\n<meta property=\"og:title\" content=\"Idee - Holzaterlier Charlotte Groenewold\" \/>\n<meta property=\"og:description\" content=\"Die Funktion eines M\u00f6bels ist von sich aus langlebig: einen Tisch braucht man immer. Darum muss auch das Design langlebig sein. Material, Form und Funktion m\u00f6chte ich so verbinden, dass das M\u00f6bel und seine Mitbewohner lange miteinander leben wollen, dass das Ergebnis mit sich zufrieden ist, dass Sie es sind und ich auch. Zu meiner [&hellip;]\" \/>\n<meta property=\"og:url\" content=\"https:\/\/www.holzatelier.de\/mobile\/idee\/\" \/>\n<meta property=\"og:site_name\" content=\"Holzaterlier Charlotte Groenewold\" \/>\n<meta property=\"article:modified_time\" content=\"2017-02-02T09:43:23+00:00\" \/>\n<meta property=\"og:image\" content=\"https:\/\/www.holzatelier.de\/mobile\/wp-content\/uploads\/sites\/2\/2016\/12\/Material-Eiche-Vollholz-300x279.jpg\" \/>\n<meta name=\"twitter:card\" content=\"summary_large_image\" \/>\n<meta name=\"twitter:label1\" content=\"Gesch\u00e4tzte Lesezeit\" \/>\n\t<meta name=\"twitter:data1\" content=\"1\u00a0Minute\" \/>\n<script type=\"application\/ld+json\" class=\"yoast-schema-graph\">{\"@context\":\"https:\/\/schema.org\",\"@graph\":[{\"@type\":\"WebPage\",\"@id\":\"https:\/\/www.holzatelier.de\/mobile\/idee\/\",\"url\":\"https:\/\/www.holzatelier.de\/mobile\/idee\/\",\"name\":\"Idee - Holzaterlier Charlotte Groenewold\",\"isPartOf\":{\"@id\":\"https:\/\/www.holzatelier.de\/mobile\/#website\"},\"datePublished\":\"2016-12-08T12:20:18+00:00\",\"dateModified\":\"2017-02-02T09:43:23+00:00\",\"breadcrumb\":{\"@id\":\"https:\/\/www.holzatelier.de\/mobile\/idee\/#breadcrumb\"},\"inLanguage\":\"de\",\"potentialAction\":[{\"@type\":\"ReadAction\",\"target\":[\"https:\/\/www.holzatelier.de\/mobile\/idee\/\"]}]},{\"@type\":\"BreadcrumbList\",\"@id\":\"https:\/\/www.holzatelier.de\/mobile\/idee\/#breadcrumb\",\"itemListElement\":[{\"@type\":\"ListItem\",\"position\":1,\"name\":\"Startseite\",\"item\":\"https:\/\/www.holzatelier.de\/mobile\/\"},{\"@type\":\"ListItem\",\"position\":2,\"name\":\"Idee\"}]},{\"@type\":\"WebSite\",\"@id\":\"https:\/\/www.holzatelier.de\/mobile\/#website\",\"url\":\"https:\/\/www.holzatelier.de\/mobile\/\",\"name\":\"Holzaterlier Charlotte Groenewold\",\"description\":\"Eine weitere Holzatelier Charlotte Groenewold GmbH Websites Website\",\"potentialAction\":[{\"@type\":\"SearchAction\",\"target\":{\"@type\":\"EntryPoint\",\"urlTemplate\":\"https:\/\/www.holzatelier.de\/mobile\/?s={search_term_string}\"},\"query-input\":\"required name=search_term_string\"}],\"inLanguage\":\"de\"}]}<\/script>\n<!-- \/ Yoast SEO plugin. -->","yoast_head_json":{"title":"Idee - Holzaterlier Charlotte Groenewold","robots":{"index":"index","follow":"follow","max-snippet":"max-snippet:-1","max-image-preview":"max-image-preview:large","max-video-preview":"max-video-preview:-1"},"canonical":"https:\/\/www.holzatelier.de\/mobile\/idee\/","og_locale":"de_DE","og_type":"article","og_title":"Idee - Holzaterlier Charlotte Groenewold","og_description":"Die Funktion eines M\u00f6bels ist von sich aus langlebig: einen Tisch braucht man immer. Darum muss auch das Design langlebig sein. Material, Form und Funktion m\u00f6chte ich so verbinden, dass das M\u00f6bel und seine Mitbewohner lange miteinander leben wollen, dass das Ergebnis mit sich zufrieden ist, dass Sie es sind und ich auch. Zu meiner [&hellip;]","og_url":"https:\/\/www.holzatelier.de\/mobile\/idee\/","og_site_name":"Holzaterlier Charlotte Groenewold","article_modified_time":"2017-02-02T09:43:23+00:00","og_image":[{"url":"https:\/\/www.holzatelier.de\/mobile\/wp-content\/uploads\/sites\/2\/2016\/12\/Material-Eiche-Vollholz-300x279.jpg"}],"twitter_card":"summary_large_image","twitter_misc":{"Gesch\u00e4tzte Lesezeit":"1\u00a0Minute"},"schema":{"@context":"https:\/\/schema.org","@graph":[{"@type":"WebPage","@id":"https:\/\/www.holzatelier.de\/mobile\/idee\/","url":"https:\/\/www.holzatelier.de\/mobile\/idee\/","name":"Idee - Holzaterlier Charlotte Groenewold","isPartOf":{"@id":"https:\/\/www.holzatelier.de\/mobile\/#website"},"datePublished":"2016-12-08T12:20:18+00:00","dateModified":"2017-02-02T09:43:23+00:00","breadcrumb":{"@id":"https:\/\/www.holzatelier.de\/mobile\/idee\/#breadcrumb"},"inLanguage":"de","potentialAction":[{"@type":"ReadAction","target":["https:\/\/www.holzatelier.de\/mobile\/idee\/"]}]},{"@type":"BreadcrumbList","@id":"https:\/\/www.holzatelier.de\/mobile\/idee\/#breadcrumb","itemListElement":[{"@type":"ListItem","position":1,"name":"Startseite","item":"https:\/\/www.holzatelier.de\/mobile\/"},{"@type":"ListItem","position":2,"name":"Idee"}]},{"@type":"WebSite","@id":"https:\/\/www.holzatelier.de\/mobile\/#website","url":"https:\/\/www.holzatelier.de\/mobile\/","name":"Holzaterlier Charlotte Groenewold","description":"Eine weitere Holzatelier Charlotte Groenewold GmbH Websites Website","potentialAction":[{"@type":"SearchAction","target":{"@type":"EntryPoint","urlTemplate":"https:\/\/www.holzatelier.de\/mobile\/?s={search_term_string}"},"query-input":"required name=search_term_string"}],"inLanguage":"de"}]}},"_links":{"self":[{"href":"https:\/\/www.holzatelier.de\/mobile\/wp-json\/wp\/v2\/pages\/3070"}],"collection":[{"href":"https:\/\/www.holzatelier.de\/mobile\/wp-json\/wp\/v2\/pages"}],"about":[{"href":"https:\/\/www.holzatelier.de\/mobile\/wp-json\/wp\/v2\/types\/page"}],"author":[{"embeddable":true,"href":"https:\/\/www.holzatelier.de\/mobile\/wp-json\/wp\/v2\/users\/1"}],"replies":[{"embeddable":true,"href":"https:\/\/www.holzatelier.de\/mobile\/wp-json\/wp\/v2\/comments?post=3070"}],"version-history":[{"count":3,"href":"https:\/\/www.holzatelier.de\/mobile\/wp-json\/wp\/v2\/pages\/3070\/revisions"}],"predecessor-version":[{"id":3118,"href":"https:\/\/www.holzatelier.de\/mobile\/wp-json\/wp\/v2\/pages\/3070\/revisions\/3118"}],"wp:attachment":[{"href":"https:\/\/www.holzatelier.de\/mobile\/wp-json\/wp\/v2\/media?parent=3070"}],"curies":[{"name":"wp","href":"https:\/\/api.w.org\/{rel}","templated":true}]}}