{"id":3072,"date":"2016-12-08T14:20:32","date_gmt":"2016-12-08T12:20:32","guid":{"rendered":"http:\/\/53231327.swh.strato-hosting.eu\/niedziella-foto\/?page_id=3072"},"modified":"2020-04-08T13:08:30","modified_gmt":"2020-04-08T11:08:30","slug":"aktuelles","status":"publish","type":"page","link":"https:\/\/www.holzatelier.de\/mobile\/aktuelles\/","title":{"rendered":"Aktuelles"},"content":{"rendered":"<p>Wir d\u00fcrfen und k\u00f6nnen f\u00fcr Sie arbeiten!<\/p>\n<p>Trotz der Corona-Ma\u00dfnahmen, wir, als Handwerksbetrieb, d\u00fcrfen arbeiten. Ich w\u00fcrde mich freuen, Ihr Projekt mit Ihnen zu besprechen.<\/p>\n<p>Im direkten Kundenkontakt halten wir selbstverst\u00e4ndlich die vorgeschriebenen Schutzma\u00dfnahmen ein.<\/p>\n","protected":false},"excerpt":{"rendered":"<p>Wir d\u00fcrfen und k\u00f6nnen f\u00fcr Sie arbeiten! Trotz der Corona-Ma\u00dfnahmen, wir, als Handwerksbetrieb, d\u00fcrfen arbeiten. Ich w\u00fcrde mich freuen, Ihr Projekt mit Ihnen zu besprechen. Im direkten Kundenkontakt halten wir selbstverst\u00e4ndlich die vorgeschriebenen Schutzma\u00dfnahmen ein.<\/p>\n","protected":false},"author":1,"featured_media":0,"parent":0,"menu_order":0,"comment_status":"closed","ping_status":"closed","template":"","meta":{"footnotes":""},"yoast_head":"<!-- This site is optimized with the Yoast SEO plugin v19.11 - https:\/\/yoast.com\/wordpress\/plugins\/seo\/ -->\n<title>Aktuelles - Holzaterlier Charlotte Groenewold<\/title>\n<meta name=\"robots\" content=\"index, follow, max-snippet:-1, max-image-preview:large, max-video-preview:-1\" \/>\n<link rel=\"canonical\" href=\"https:\/\/www.holzatelier.de\/mobile\/aktuelles\/\" \/>\n<meta property=\"og:locale\" content=\"de_DE\" \/>\n<meta property=\"og:type\" content=\"article\" \/>\n<meta property=\"og:title\" content=\"Aktuelles - Holzaterlier Charlotte Groenewold\" \/>\n<meta property=\"og:description\" content=\"Wir d\u00fcrfen und k\u00f6nnen f\u00fcr Sie arbeiten! Trotz der Corona-Ma\u00dfnahmen, wir, als Handwerksbetrieb, d\u00fcrfen arbeiten. Ich w\u00fcrde mich freuen, Ihr Projekt mit Ihnen zu besprechen. Im direkten Kundenkontakt halten wir selbstverst\u00e4ndlich die vorgeschriebenen Schutzma\u00dfnahmen ein.\" \/>\n<meta property=\"og:url\" content=\"https:\/\/www.holzatelier.de\/mobile\/aktuelles\/\" \/>\n<meta property=\"og:site_name\" content=\"Holzaterlier Charlotte Groenewold\" \/>\n<meta property=\"article:modified_time\" content=\"2020-04-08T11:08:30+00:00\" \/>\n<meta name=\"twitter:card\" content=\"summary_large_image\" \/>\n<script type=\"application\/ld+json\" class=\"yoast-schema-graph\">{\"@context\":\"https:\/\/schema.org\",\"@graph\":[{\"@type\":\"WebPage\",\"@id\":\"https:\/\/www.holzatelier.de\/mobile\/aktuelles\/\",\"url\":\"https:\/\/www.holzatelier.de\/mobile\/aktuelles\/\",\"name\":\"Aktuelles - Holzaterlier Charlotte Groenewold\",\"isPartOf\":{\"@id\":\"https:\/\/www.holzatelier.de\/mobile\/#website\"},\"datePublished\":\"2016-12-08T12:20:32+00:00\",\"dateModified\":\"2020-04-08T11:08:30+00:00\",\"breadcrumb\":{\"@id\":\"https:\/\/www.holzatelier.de\/mobile\/aktuelles\/#breadcrumb\"},\"inLanguage\":\"de\",\"potentialAction\":[{\"@type\":\"ReadAction\",\"target\":[\"https:\/\/www.holzatelier.de\/mobile\/aktuelles\/\"]}]},{\"@type\":\"BreadcrumbList\",\"@id\":\"https:\/\/www.holzatelier.de\/mobile\/aktuelles\/#breadcrumb\",\"itemListElement\":[{\"@type\":\"ListItem\",\"position\":1,\"name\":\"Startseite\",\"item\":\"https:\/\/www.holzatelier.de\/mobile\/\"},{\"@type\":\"ListItem\",\"position\":2,\"name\":\"Aktuelles\"}]},{\"@type\":\"WebSite\",\"@id\":\"https:\/\/www.holzatelier.de\/mobile\/#website\",\"url\":\"https:\/\/www.holzatelier.de\/mobile\/\",\"name\":\"Holzaterlier Charlotte Groenewold\",\"description\":\"Eine weitere Holzatelier Charlotte Groenewold GmbH Websites Website\",\"potentialAction\":[{\"@type\":\"SearchAction\",\"target\":{\"@type\":\"EntryPoint\",\"urlTemplate\":\"https:\/\/www.holzatelier.de\/mobile\/?s={search_term_string}\"},\"query-input\":\"required name=search_term_string\"}],\"inLanguage\":\"de\"}]}<\/script>\n<!-- \/ Yoast SEO plugin. -->","yoast_head_json":{"title":"Aktuelles - Holzaterlier Charlotte Groenewold","robots":{"index":"index","follow":"follow","max-snippet":"max-snippet:-1","max-image-preview":"max-image-preview:large","max-video-preview":"max-video-preview:-1"},"canonical":"https:\/\/www.holzatelier.de\/mobile\/aktuelles\/","og_locale":"de_DE","og_type":"article","og_title":"Aktuelles - Holzaterlier Charlotte Groenewold","og_description":"Wir d\u00fcrfen und k\u00f6nnen f\u00fcr Sie arbeiten! Trotz der Corona-Ma\u00dfnahmen, wir, als Handwerksbetrieb, d\u00fcrfen arbeiten. Ich w\u00fcrde mich freuen, Ihr Projekt mit Ihnen zu besprechen. Im direkten Kundenkontakt halten wir selbstverst\u00e4ndlich die vorgeschriebenen Schutzma\u00dfnahmen ein.","og_url":"https:\/\/www.holzatelier.de\/mobile\/aktuelles\/","og_site_name":"Holzaterlier Charlotte Groenewold","article_modified_time":"2020-04-08T11:08:30+00:00","twitter_card":"summary_large_image","schema":{"@context":"https:\/\/schema.org","@graph":[{"@type":"WebPage","@id":"https:\/\/www.holzatelier.de\/mobile\/aktuelles\/","url":"https:\/\/www.holzatelier.de\/mobile\/aktuelles\/","name":"Aktuelles - Holzaterlier Charlotte Groenewold","isPartOf":{"@id":"https:\/\/www.holzatelier.de\/mobile\/#website"},"datePublished":"2016-12-08T12:20:32+00:00","dateModified":"2020-04-08T11:08:30+00:00","breadcrumb":{"@id":"https:\/\/www.holzatelier.de\/mobile\/aktuelles\/#breadcrumb"},"inLanguage":"de","potentialAction":[{"@type":"ReadAction","target":["https:\/\/www.holzatelier.de\/mobile\/aktuelles\/"]}]},{"@type":"BreadcrumbList","@id":"https:\/\/www.holzatelier.de\/mobile\/aktuelles\/#breadcrumb","itemListElement":[{"@type":"ListItem","position":1,"name":"Startseite","item":"https:\/\/www.holzatelier.de\/mobile\/"},{"@type":"ListItem","position":2,"name":"Aktuelles"}]},{"@type":"WebSite","@id":"https:\/\/www.holzatelier.de\/mobile\/#website","url":"https:\/\/www.holzatelier.de\/mobile\/","name":"Holzaterlier Charlotte Groenewold","description":"Eine weitere Holzatelier Charlotte Groenewold GmbH Websites Website","potentialAction":[{"@type":"SearchAction","target":{"@type":"EntryPoint","urlTemplate":"https:\/\/www.holzatelier.de\/mobile\/?s={search_term_string}"},"query-input":"required name=search_term_string"}],"inLanguage":"de"}]}},"_links":{"self":[{"href":"https:\/\/www.holzatelier.de\/mobile\/wp-json\/wp\/v2\/pages\/3072"}],"collection":[{"href":"https:\/\/www.holzatelier.de\/mobile\/wp-json\/wp\/v2\/pages"}],"about":[{"href":"https:\/\/www.holzatelier.de\/mobile\/wp-json\/wp\/v2\/types\/page"}],"author":[{"embeddable":true,"href":"https:\/\/www.holzatelier.de\/mobile\/wp-json\/wp\/v2\/users\/1"}],"replies":[{"embeddable":true,"href":"https:\/\/www.holzatelier.de\/mobile\/wp-json\/wp\/v2\/comments?post=3072"}],"version-history":[{"count":5,"href":"https:\/\/www.holzatelier.de\/mobile\/wp-json\/wp\/v2\/pages\/3072\/revisions"}],"predecessor-version":[{"id":3136,"href":"https:\/\/www.holzatelier.de\/mobile\/wp-json\/wp\/v2\/pages\/3072\/revisions\/3136"}],"wp:attachment":[{"href":"https:\/\/www.holzatelier.de\/mobile\/wp-json\/wp\/v2\/media?parent=3072"}],"curies":[{"name":"wp","href":"https:\/\/api.w.org\/{rel}","templated":true}]}}